{"id":2,"date":"2020-05-21T20:10:22","date_gmt":"2020-05-21T18:10:22","guid":{"rendered":"https:\/\/strugari.me\/rodoslov\/?page_id=2"},"modified":"2020-05-24T19:42:40","modified_gmt":"2020-05-24T17:42:40","slug":"strugari-bratstvo-u-ceklinu","status":"publish","type":"page","link":"https:\/\/strugari.me\/rodoslov\/","title":{"rendered":"Strugari, bratstvo u Ceklinu &#8211; rodoslov i porodi\u010dno stablo od 1450. do 1980."},"content":{"rendered":"\n<h2 class=\"wp-block-heading\">Predgovor autora<\/h2>\n\n\n\n<p class=\"has-text-align-left\"><strong>Ovaj rodoslov bratstva Strugar napisao sam iz \u017eelje da mla\u0111e generacije i na\u0161e potomstvo znaju za svoje porijeklo, za svoje pretke i svoje najbli\u017ee.<\/strong> <\/p>\n\n\n\n<div class=\"wp-block-image\"><figure class=\"alignleft size-large\"><img loading=\"lazy\" decoding=\"async\" width=\"200\" height=\"230\" src=\"https:\/\/strugari.me\/rodoslov\/wp-content\/uploads\/autor.jpg\" alt=\"\" class=\"wp-image-92\"\/><\/figure><\/div>\n\n\n\n<p>Mihailo Krcunov Strugar u svojim zapisima (koji se nalaze u Istorijskom institutu u Titogradu, fascikla 76) govori o tome jo\u0161 od kako je do\u0161ao Vukosav Radivojev Lije\u0161evi\u0107 (rodom iz Pipera) na Gornji Ceklin oko 1482 \u2013 1485. godine, od kojeg Strugari i poti\u010du. Koriste\u0107i kazivanja strica mu Ilije Stankova i drugih Strugara, on je u tim spisima obradio ogranke: Mihailovi\u0107e, Petrovi\u0107e i Dragi\u0107evi\u0107e. Za ogranke Nikoli\u0107e i Todorovi\u0107e nije ni\u0161ta napisao, sem \u0161to u opisu ogranka Todorovi\u0107a govori o Petru \u0110ukanovu i njemu najbli\u017eim od kojih nije ostalo potomstva. Ja sam za ova dva ogranka koristio izjave starih Strugara iz oba ogranka, kao i za dalju razradu ostala tri ogranka. Rodoslov je obra\u0111en po mu\u0161koj liniji i obuhvatio je sve mu\u0161karce do 1980. godine.<\/p>\n\n\n\n<p>Obrada podataka datih u tekstu bazira se na pisanim dokumentima kao i na sje\u0107anjima pojedinaca, a za u\u010desnike u NOR-u 1941. \u2013 1945. godine na istorijskim dokumentima i sje\u0107anju kako ratnika tako i drugih pojedinaca. Ipak, u ovom radu ima dosta propusta i nedostataka, osobito u odnosu na ratnike koji su pali u ranijim ratovima, bore\u0107i se za opstanak i slobodu crnogorskog naroda. U nedostatku podataka, o njima je malo \u0161to re\u010deno.<\/p>\n\n\n\n<p>Stalna borba za opstanak primoravala je na\u0161e djedove i o\u010deve da odlaze za zaradom po svijetu. Od njih su mnogi i ostali tamo, da se nikada ne vrate u domovinu.<\/p>\n\n\n\n<p>Jedna grupa na\u0161ih srodnika \u017eivi na isto\u010dnim padinama Kopaonika, u selu \u017darevo, op\u0161tina Brus, i Kur\u0161umliji. Oni se tako\u0111e prezivaju Strugari. Po njihovim izjavama i sje\u0107anjima njihovih starih, predak im se doselio iz Crne Gore, od Cetinja, negdje 1750 \u2013 1780. godine. Osje\u0107aju se Crnogorcima. Jedna porodica iz ovoga sela odselila se 1875. godine i nastanila se kod Kur\u0161umlije. Ona se preziva Strugarevi\u0107i.<\/p>\n\n\n\n<p>Jedanaest porodica u Vrnja\u010dkoj Banji preziva se Strugarevi\u0107, pa i oni ka\u017eu da se njihov predak doselio iz Crne Gore, kao i neke porodice u okolini Gornjeg Milanovca, sa kojima se oni ro\u0111akaju.<\/p>\n\n\n\n<p>Nekoliko porodica se preziva Strugari u Ljubljani i okolini. I oni ka\u017eu da im se predak doselio iz nekog sela kod Cetinja. U Somboru i okolini tako\u0111e ima Strugara, ali ka\u017eu da su oni tu starosjedioci.<\/p>\n\n\n\n<p>Za sve ove grupe porodica nigdje nijesam mogao na\u0107i podatke o uzrocima i vremenu iseljavanja njihovih predaka, a na\u0161ih srodnika. Dakle, ovim radom nije obuhva\u0107eno sve \u0161to se ti\u010de njegove teme, a svakako ima i drugih propusta. Ipak, ja sam u\u010dinio koliko sam mogao, pa ako bi neko od Strugara htio i dalje istra\u017eivati svoje bratstvo, neka mu ova knjiga poslu\u017ei kao podsticaj.<\/p>\n\n\n\n<p>AUTOR<\/p>\n\n\n\n<div class=\"wp-block-image\"><figure class=\"aligncenter size-large\"><img loading=\"lazy\" decoding=\"async\" width=\"200\" height=\"50\" src=\"https:\/\/strugari.me\/rodoslov\/wp-content\/uploads\/vignette.png\" alt=\"\" class=\"wp-image-95\"\/><\/figure><\/div>\n\n\n\n<h3 class=\"wp-block-heading\">Izvod iz recenzija<\/h3>\n\n\n\n<p>Drug Bla\u017eo A. Strugar u prilo\u017eenom rukopisu, STRUGARI, BRATSTVO U CEKLINU, dao je dragocjeni etnolo\u0161ko-istorijski prilog ne samo za upoznavanje pro\u0161losti svoga bratstva, nego uveliko i plemena Ceklina. Rad zahvata vremenski period od 1450. do 1980. godine, Ra\u0111en je na osnovu direktnog prou\u010davanja na terenu i poznate literature o Ceklinu uop\u0161te, \u0161to odgovara savremenoj metodi etnolo\u0161kih ispitivanja. Ovakva vrsta rada je dragocjena uop\u0161te za upoznavanje etni\u010dkih procesa Stare Crne Gore.<br>Smatram da se navedeni rukopis mo\u017ee \u0161tampati u cjelini bez ikakvih izmjena.<\/p>\n\n\n\n<blockquote class=\"wp-block-quote is-layout-flow wp-block-quote-is-layout-flow\"><p><strong>Dr. Jovan Vukmanovi\u0107<\/strong><\/p><cite>Cetinje, 1. januar 1983.<\/cite><\/blockquote>\n\n\n\n<p>Istorijsko-etnografski rad druga Bla\u017ea Strugara, STRUGARI, BRATSTVO U CEKLINU, napisan je na osnovu narodnog predanja ili \u017eivog pam\u0107enja, istorijskih izvora i literature. Obzirom i na prihvatljivi nau\u010dni kriterij, autor je nagla\u0161enu materiju sistematski, te\u010dno i uop\u0161te valjano izlo\u017eio. Porijeklo i genezu Strugara u sklopu \u0161ire zajednice plemena Ceklina, te doprinos Strugara cjelokupnoj oslobodila\u010dkoj i revolucionarnoj borbi Crnogoraca, Bla\u017eo Strugar obradio je tako realisti\u010dki i nenametljivo da to ni\u010dim ne mo\u017ee dodirnuti eventualnu osjetljivost drugih. Rodoslovlja i zajedni\u010dko rodoslovno stablo bratstva izvedeni su akribi\u010dno, pregledno i do najve\u0107e mogu\u0107nosti potpuno, da mogu va\u017eiti kao uzor za takvu vrstu rada. Rad Bla\u017ea Strugara, STRUGARI, BRATSTVO U CEKLINU, zahvata period 1450 \u2013 1480. godine, i u dosegu svoje teme predstavlja lijep i koristan prilog etnologiji, antropologiji i istoriji crnogorskog naroda.<\/p>\n\n\n\n<blockquote class=\"wp-block-quote is-layout-flow wp-block-quote-is-layout-flow\"><p><strong>Dr. Novak Ra\u017enatovi\u0107<\/strong><br>Vi\u0161i nau\u010dni saradnik Istorijskog instituta SR Crne Gore \u2013 Titograd<\/p><cite>Titograd, 1. februar 1983.<\/cite><\/blockquote>\n\n\n\n<div class=\"wp-block-image\"><figure class=\"aligncenter size-large\"><img loading=\"lazy\" decoding=\"async\" width=\"200\" height=\"50\" src=\"https:\/\/strugari.me\/rodoslov\/wp-content\/uploads\/vignette.png\" alt=\"\" class=\"wp-image-95\"\/><\/figure><\/div>\n\n\n\n<h3 class=\"wp-block-heading\">Rije\u010d urednika sajta<\/h3>\n\n\n\n<p>Knjiga STRUGARI, BRATSTVO U CEKLINU se pojavila otprilike u vrijeme kad sam ja jo\u0161 uvijek u\u010dio da pravilno \u010ditam i pi\u0161em; rodoslov je tada, ba\u0161 kao i dan danas, izazivao po\u0161tovanje prema istoriji koju je tako te\u010dno i lagano opisao da mi se \u010dinilo da je dovoljno samo da krenem na Karu\u010d ili na Gornji Ceklin, pa da sretnem aktere rodoslova, kao i trudu i \u017eelji koji su jama\u010dno bili potrebni da se ta istorija ovaploti kroz jednu takvu knjigu, i tako sa\u010duva od zaborava.<\/p>\n\n\n\n<p>Deceniju ili dvije kasnije, postajalo je sve uo\u010dljivije da smo i mi danas dio istorije koja se neprekidno mijenja \u2013 ljudi opisani u knjizi su nestajali sa lica zemlje, a novi nara\u0161taji su stasavali. Tada je po\u010dela da me kopka zaklju\u010dna re\u010denica iz Bla\u017eovog predgovora, ako bi neko od Strugara htio i dalje istra\u017eivati svoje bratstvo, neka mu ova knjiga poslu\u017ei kao podsticaj; Bla\u017eova knjiga je vrlo iscrpna kad je u pitanju mu\u0161ka linija bratstva, i tu te\u0161ko da ima prostora za istra\u017eivanje; me\u0111utim, \u017eenska linija u knjizi nije obra\u0111ena, i, zajedno sa a\u017euriranjem podataka kako o generacijama stasalim nakon izdavanja knjige 1983. godine tako i o onima koje su u to vrijeme tek odrastale, i kao takve samo spomenute u knjizi, mislim da bi takva dopuna postoje\u0107em rodoslovu bila korisna, i to je ideja koja le\u017ei iza ovog sajta.<\/p>\n\n\n\n<p>Za razliku od Bla\u017ea, koji je morao sve podatke navedene u knjizi da prikupi na terenu, ja sam na raspolaganju imao za\u0161titni znak po\u010detka XXI vijeka, internet; odlu\u010dio sam da preto\u010dim Bla\u017eovu knjigu u elektronski oblik i uradim ovaj sajt u \u017eelji da poka\u017eem postoje\u0107i rodoslov onima koji mo\u017eda nikad nijesu ni dr\u017eali knjigu u ruci, mada vjerujem da \u0107e i oni koji odavno nijesu \u010ditali na\u0161 rodoslov u njemu ponovo na\u0107i interesantno \u0161tivo, i da ih tako inspiri\u0161em da u\u010destvuju u a\u017euriranju postoje\u0107eg rodoslova i kreiranju \u017eenske linije rodoslova, koriste\u0107i forum na ovom sajtu za kontakt sa bratstvenicima i razmjenu informacija, koje \u0107e zatim biti inkorporirane u rodoslov.<\/p>\n\n\n\n<blockquote class=\"wp-block-quote is-layout-flow wp-block-quote-is-layout-flow\"><p>Vuko Jovov Strugar<\/p><cite>Rva\u0161i, novembar 2010.<\/cite><\/blockquote>\n\n\n\n<div class=\"wp-block-image is-style-rounded\"><figure class=\"aligncenter size-large\"><img loading=\"lazy\" decoding=\"async\" width=\"200\" height=\"50\" src=\"https:\/\/strugari.me\/rodoslov\/wp-content\/uploads\/vignette.png\" alt=\"\" class=\"wp-image-95\"\/><\/figure><\/div>\n","protected":false},"excerpt":{"rendered":"<p>Predgovor autora Ovaj rodoslov bratstva Strugar napisao sam iz \u017eelje da mla\u0111e generacije i na\u0161e potomstvo znaju za svoje porijeklo, za svoje pretke i svoje&hellip;<\/p>\n","protected":false},"author":1,"featured_media":0,"parent":0,"menu_order":0,"comment_status":"closed","ping_status":"closed","template":"","meta":{"footnotes":""},"class_list":["post-2","page","type-page","status-publish","hentry"],"_links":{"self":[{"href":"https:\/\/strugari.me\/rodoslov\/wp-json\/wp\/v2\/pages\/2","targetHints":{"allow":["GET"]}}],"collection":[{"href":"https:\/\/strugari.me\/rodoslov\/wp-json\/wp\/v2\/pages"}],"about":[{"href":"https:\/\/strugari.me\/rodoslov\/wp-json\/wp\/v2\/types\/page"}],"author":[{"embeddable":true,"href":"https:\/\/strugari.me\/rodoslov\/wp-json\/wp\/v2\/users\/1"}],"replies":[{"embeddable":true,"href":"https:\/\/strugari.me\/rodoslov\/wp-json\/wp\/v2\/comments?post=2"}],"version-history":[{"count":11,"href":"https:\/\/strugari.me\/rodoslov\/wp-json\/wp\/v2\/pages\/2\/revisions"}],"predecessor-version":[{"id":591,"href":"https:\/\/strugari.me\/rodoslov\/wp-json\/wp\/v2\/pages\/2\/revisions\/591"}],"wp:attachment":[{"href":"https:\/\/strugari.me\/rodoslov\/wp-json\/wp\/v2\/media?parent=2"}],"curies":[{"name":"wp","href":"https:\/\/api.w.org\/{rel}","templated":true}]}}